{"id":2,"date":"2025-10-02T11:24:08","date_gmt":"2025-10-02T11:24:08","guid":{"rendered":"https:\/\/noverifranco.com\/?page_id=2"},"modified":"2025-10-06T12:31:46","modified_gmt":"2025-10-06T12:31:46","slug":"inicio","status":"publish","type":"page","link":"https:\/\/noverifranco.com\/en\/","title":{"rendered":"Inicio"},"content":{"rendered":"<div data-elementor-type=\"wp-page\" data-elementor-id=\"2\" class=\"elementor elementor-2\" data-elementor-post-type=\"page\">\n\t\t\t\t<div class=\"elementor-element elementor-element-e9e7c54 e-con-full e-flex e-con e-parent\" data-id=\"e9e7c54\" data-element_type=\"container\" data-settings=\"{&quot;background_background&quot;:&quot;classic&quot;}\">\n\t\t<div class=\"elementor-element elementor-element-cad2898 e-con-full e-flex e-con e-child\" data-id=\"cad2898\" data-element_type=\"container\">\n\t\t\t\t<div class=\"elementor-element elementor-element-7f8953b elementor-widget elementor-widget-heading\" data-id=\"7f8953b\" data-element_type=\"widget\" data-widget_type=\"heading.default\">\n\t\t\t\t\t<h2 class=\"elementor-heading-title elementor-size-default\">Un espacio <\/h2>\t\t\t\t<\/div>\n\t\t\t\t<div class=\"elementor-element elementor-element-ea48eeb elementor-widget elementor-widget-heading\" data-id=\"ea48eeb\" data-element_type=\"widget\" data-widget_type=\"heading.default\">\n\t\t\t\t\t<h2 class=\"elementor-heading-title elementor-size-default\">para reconectar contigo mismo<\/h2>\t\t\t\t<\/div>\n\t\t\t\t<\/div>\n\t\t<div class=\"elementor-element elementor-element-aaecb51 e-con-full e-flex e-con e-child\" data-id=\"aaecb51\" data-element_type=\"container\">\n\t\t\t\t<div class=\"elementor-element elementor-element-f38f09b elementor-position-left animated-slow elementor-view-default elementor-mobile-position-top elementor-invisible elementor-widget elementor-widget-icon-box\" data-id=\"f38f09b\" data-element_type=\"widget\" data-settings=\"{&quot;_animation&quot;:&quot;fadeInUp&quot;}\" data-widget_type=\"icon-box.default\">\n\t\t\t\t\t\t\t<div class=\"elementor-icon-box-wrapper\">\n\n\t\t\t\t\t\t<div class=\"elementor-icon-box-icon\">\n\t\t\t\t<a href=\"#yo\" class=\"elementor-icon\" tabindex=\"-1\">\n\t\t\t\t<svg xmlns=\"http:\/\/www.w3.org\/2000\/svg\" width=\"62\" height=\"62\" viewbox=\"0 0 62 62\" fill=\"none\"><circle cx=\"31\" cy=\"31\" r=\"30.5\" stroke=\"#FAF6F3\"><\/circle><g clip-path=\"url(#clip0_18338_28)\"><path d=\"M31 19.3333V42.6666\" stroke=\"#FAF6F3\" stroke-linecap=\"round\" stroke-linejoin=\"round\"><\/path><path d=\"M37.6667 36L31 42.6667\" stroke=\"#FAF6F3\" stroke-linecap=\"round\" stroke-linejoin=\"round\"><\/path><path d=\"M24.3333 36L31 42.6667\" stroke=\"#FAF6F3\" stroke-linecap=\"round\" stroke-linejoin=\"round\"><\/path><\/g><defs><clippath id=\"clip0_18338_28\"><rect width=\"40\" height=\"40\" fill=\"white\" transform=\"translate(11 11)\"><\/rect><\/clippath><\/defs><\/svg>\t\t\t\t<\/a>\n\t\t\t<\/div>\n\t\t\t\n\t\t\t\t\t\t<div class=\"elementor-icon-box-content\">\n\n\t\t\t\t\n\t\t\t\t\t\t\t\t\t<p class=\"elementor-icon-box-description\">\n\t\t\t\t\t\tEn Mudra te acompa\u00f1amos a liberar tensiones, soltar lo que pesa y habitar tu cuerpo con mayor presencia. A trav\u00e9s de masajes terap\u00e9uticos, respiraci\u00f3n consciente y experiencias hol\u00edsticas, te invitamos a redescubrir tu equilibrio natural.\t\t\t\t\t<\/p>\n\t\t\t\t\n\t\t\t<\/div>\n\t\t\t\n\t\t<\/div>\n\t\t\t\t\t\t<\/div>\n\t\t\t\t<\/div>\n\t\t\t\t<\/div>\n\t\t<div class=\"elementor-element elementor-element-5020736 e-con-full e-flex e-con e-parent\" data-id=\"5020736\" data-element_type=\"container\">\n\t\t<div class=\"elementor-element elementor-element-ff981d3 e-grid e-con-full e-con e-child\" data-id=\"ff981d3\" data-element_type=\"container\">\n\t\t<div class=\"elementor-element elementor-element-f36cfa2 e-con-full e-flex e-con e-child\" data-id=\"f36cfa2\" data-element_type=\"container\" id=\"yo\">\n\t\t\t\t<div class=\"elementor-element elementor-element-4ed831d elementor-widget elementor-widget-heading\" data-id=\"4ed831d\" data-element_type=\"widget\" data-widget_type=\"heading.default\">\n\t\t\t\t\t<h2 class=\"elementor-heading-title elementor-size-default\">Bienestar integral <br>en el coraz\u00f3n de Palma<\/h2>\t\t\t\t<\/div>\n\t\t\t\t<div class=\"elementor-element elementor-element-a455f47 elementor-widget elementor-widget-text-editor\" data-id=\"a455f47\" data-element_type=\"widget\" data-widget_type=\"text-editor.default\">\n\t\t\t\t\t\t\t\t\t<p data-start=\"1336\" data-end=\"1657\">Con un enfoque hol\u00edstico y personalizado, nuestras sesiones integran masajes terap\u00e9uticos, bioenerg\u00e9tica y pr\u00e1cticas de conciencia corporal. Cada detalle est\u00e1 dise\u00f1ado para ofrecerte una experiencia \u00fanica, que combina profesionalidad, sensibilidad y un ambiente de calma.<\/p><p data-start=\"1659\" data-end=\"1743\">\u00a0<\/p>\t\t\t\t\t\t\t\t<\/div>\n\t\t\t\t<\/div>\n\t\t<div class=\"elementor-element elementor-element-752d991 e-con-full animated-slow e-flex elementor-invisible e-con e-child\" data-id=\"752d991\" data-element_type=\"container\" data-settings=\"{&quot;background_background&quot;:&quot;classic&quot;,&quot;animation&quot;:&quot;fadeInRight&quot;}\">\n\t\t\t\t<\/div>\n\t\t\t\t<\/div>\n\t\t\t\t<\/div>\n\t\t<div class=\"elementor-element elementor-element-3b6d973 e-con-full e-flex e-con e-parent\" data-id=\"3b6d973\" data-element_type=\"container\">\n\t\t<div class=\"elementor-element elementor-element-c637815 e-con-full e-flex e-con e-child\" data-id=\"c637815\" data-element_type=\"container\">\n\t\t\t\t<div class=\"elementor-element elementor-element-7a89735 elementor-widget elementor-widget-heading\" data-id=\"7a89735\" data-element_type=\"widget\" data-widget_type=\"heading.default\">\n\t\t\t\t\t<h2 class=\"elementor-heading-title elementor-size-default\"><b>remaining essentially<\/b> unchanged<\/h2>\t\t\t\t<\/div>\n\t\t\t\t<\/div>\n\t\t<div class=\"elementor-element elementor-element-3dc56b1 e-con-full e-flex e-con e-child\" data-id=\"3dc56b1\" data-element_type=\"container\">\n\t\t\t\t<div class=\"elementor-element elementor-element-a62394e elementor-widget elementor-widget-image\" data-id=\"a62394e\" data-element_type=\"widget\" data-widget_type=\"image.default\">\n\t\t\t\t\t\t\t\t\t\t\t\t\t\t\t<img fetchpriority=\"high\" decoding=\"async\" width=\"1300\" height=\"367\" src=\"https:\/\/noverifranco.com\/wp-content\/uploads\/2025\/10\/Image-Section.jpg\" class=\"attachment-full size-full wp-image-52\" alt=\"\" srcset=\"https:\/\/noverifranco.com\/wp-content\/uploads\/2025\/10\/Image-Section.jpg 1300w, https:\/\/noverifranco.com\/wp-content\/uploads\/2025\/10\/Image-Section-300x85.jpg 300w, https:\/\/noverifranco.com\/wp-content\/uploads\/2025\/10\/Image-Section-1024x289.jpg 1024w, https:\/\/noverifranco.com\/wp-content\/uploads\/2025\/10\/Image-Section-768x217.jpg 768w\" sizes=\"(max-width: 1300px) 100vw, 1300px\" \/>\t\t\t\t\t\t\t\t\t\t\t\t\t\t\t<\/div>\n\t\t<div class=\"elementor-element elementor-element-8ddacb2 e-con-full animated-slow e-flex elementor-invisible e-con e-child\" data-id=\"8ddacb2\" data-element_type=\"container\" data-settings=\"{&quot;background_background&quot;:&quot;classic&quot;,&quot;animation&quot;:&quot;fadeInRight&quot;}\">\n\t\t\t\t<div class=\"elementor-element elementor-element-1d24ce7 elementor-widget elementor-widget-text-editor\" data-id=\"1d24ce7\" data-element_type=\"widget\" data-widget_type=\"text-editor.default\">\n\t\t\t\t\t\t\t\t\t<p>Lorem Ipsum\u00a0is simply dummy text of the printing and typesetting industry. Lorem Ipsum has been the industry&#8217;s standard dummy text ever since the 1500s, when an unknown printer took a galley of type and scrambled it to make a type specimen book.<\/p>\t\t\t\t\t\t\t\t<\/div>\n\t\t\t\t<div class=\"elementor-element elementor-element-60315f2 elementor-tablet-align-justify elementor-widget elementor-widget-button\" data-id=\"60315f2\" data-element_type=\"widget\" data-widget_type=\"button.default\">\n\t\t\t\t\t\t\t\t\t\t<a class=\"elementor-button elementor-button-link elementor-size-sm\" href=\"https:\/\/noverifranco.com\/en\/contacto\/\">\n\t\t\t\t\t\t<span class=\"elementor-button-content-wrapper\">\n\t\t\t\t\t\t<span class=\"elementor-button-icon\">\n\t\t\t\t<svg xmlns=\"http:\/\/www.w3.org\/2000\/svg\" width=\"20\" height=\"20\" viewbox=\"0 0 20 20\" fill=\"none\"><g clip-path=\"url(#clip0_18338_52)\"><path d=\"M4.16669 10H15.8334\" stroke=\"#FAF6F3\" stroke-width=\"1.25\" stroke-linecap=\"round\" stroke-linejoin=\"round\"><\/path><path d=\"M12.5 13.3333L15.8333 10\" stroke=\"#FAF6F3\" stroke-width=\"1.25\" stroke-linecap=\"round\" stroke-linejoin=\"round\"><\/path><path d=\"M12.5 6.66675L15.8333 10.0001\" stroke=\"#FAF6F3\" stroke-width=\"1.25\" stroke-linecap=\"round\" stroke-linejoin=\"round\"><\/path><\/g><defs><clippath id=\"clip0_18338_52\"><rect width=\"20\" height=\"20\" fill=\"white\"><\/rect><\/clippath><\/defs><\/svg>\t\t\t<\/span>\n\t\t\t\t\t\t\t\t\t<span class=\"elementor-button-text\">Contacto<\/span>\n\t\t\t\t\t<\/span>\n\t\t\t\t\t<\/a>\n\t\t\t\t\t\t\t\t<\/div>\n\t\t\t\t<\/div>\n\t\t\t\t<\/div>\n\t\t\t\t<\/div>\n\t\t<div class=\"elementor-element elementor-element-bb1a71e e-con-full e-flex e-con e-parent\" data-id=\"bb1a71e\" data-element_type=\"container\">\n\t\t<div class=\"elementor-element elementor-element-f836b68 e-grid e-con-full e-con e-child\" data-id=\"f836b68\" data-element_type=\"container\">\n\t\t<div class=\"elementor-element elementor-element-959f956 e-con-full animated-slow e-flex elementor-invisible e-con e-child\" data-id=\"959f956\" data-element_type=\"container\" data-settings=\"{&quot;background_background&quot;:&quot;classic&quot;,&quot;animation&quot;:&quot;fadeInLeft&quot;}\">\n\t\t\t\t<\/div>\n\t\t<div class=\"elementor-element elementor-element-6f60985 e-con-full e-flex e-con e-child\" data-id=\"6f60985\" data-element_type=\"container\">\n\t\t\t\t<div class=\"elementor-element elementor-element-325adb4 elementor-widget elementor-widget-heading\" data-id=\"325adb4\" data-element_type=\"widget\" data-widget_type=\"heading.default\">\n\t\t\t\t\t<h2 class=\"elementor-heading-title elementor-size-default\">Lorem Ipsum&nbsp;is simply dummy \u2e3b <b>Lorem Ipsum&nbsp;is simply<\/b> dummy text<\/h2>\t\t\t\t<\/div>\n\t\t\t\t<div class=\"elementor-element elementor-element-1380169 elementor-widget elementor-widget-text-editor\" data-id=\"1380169\" data-element_type=\"widget\" data-widget_type=\"text-editor.default\">\n\t\t\t\t\t\t\t\t\t<p>Lorem Ipsum\u00a0is simply dummy text of the printing and typesetting industry. Lorem Ipsum has been the industry&#8217;s standard dummy text ever since the 1500s, when an unknown printer took a galley of type and scrambled it to make a type specimen book.<\/p>\t\t\t\t\t\t\t\t<\/div>\n\t\t\t\t<\/div>\n\t\t\t\t<\/div>\n\t\t\t\t<\/div>\n\t\t\t\t<\/div>","protected":false},"excerpt":{"rendered":"<p>Un espacio para reconectar contigo mismo En Mudra te acompa\u00f1amos a liberar tensiones, soltar lo que pesa y habitar tu cuerpo con mayor presencia. A trav\u00e9s de masajes terap\u00e9uticos, respiraci\u00f3n consciente y experiencias hol\u00edsticas, te invitamos a redescubrir tu equilibrio natural. Bienestar integral en el coraz\u00f3n de Palma Con un enfoque hol\u00edstico y personalizado, nuestras [&hellip;]<\/p>","protected":false},"author":1,"featured_media":0,"parent":0,"menu_order":0,"comment_status":"closed","ping_status":"closed","template":"","meta":{"footnotes":""},"class_list":["post-2","page","type-page","status-publish","hentry"],"_links":{"self":[{"href":"https:\/\/noverifranco.com\/en\/wp-json\/wp\/v2\/pages\/2","targetHints":{"allow":["GET"]}}],"collection":[{"href":"https:\/\/noverifranco.com\/en\/wp-json\/wp\/v2\/pages"}],"about":[{"href":"https:\/\/noverifranco.com\/en\/wp-json\/wp\/v2\/types\/page"}],"author":[{"embeddable":true,"href":"https:\/\/noverifranco.com\/en\/wp-json\/wp\/v2\/users\/1"}],"replies":[{"embeddable":true,"href":"https:\/\/noverifranco.com\/en\/wp-json\/wp\/v2\/comments?post=2"}],"version-history":[{"count":49,"href":"https:\/\/noverifranco.com\/en\/wp-json\/wp\/v2\/pages\/2\/revisions"}],"predecessor-version":[{"id":122,"href":"https:\/\/noverifranco.com\/en\/wp-json\/wp\/v2\/pages\/2\/revisions\/122"}],"wp:attachment":[{"href":"https:\/\/noverifranco.com\/en\/wp-json\/wp\/v2\/media?parent=2"}],"curies":[{"name":"wp","href":"https:\/\/api.w.org\/{rel}","templated":true}]}}