{"id":3,"date":"2025-10-02T11:24:08","date_gmt":"2025-10-02T11:24:08","guid":{"rendered":"https:\/\/noverifranco.com\/?page_id=3"},"modified":"2025-10-06T12:43:41","modified_gmt":"2025-10-06T12:43:41","slug":"politica-de-privacidad","status":"publish","type":"page","link":"https:\/\/noverifranco.com\/en\/politica-de-privacidad\/","title":{"rendered":"Pol\u00edtica de privacidad"},"content":{"rendered":"<div data-elementor-type=\"wp-page\" data-elementor-id=\"3\" class=\"elementor elementor-3\" data-elementor-post-type=\"page\">\n\t\t\t\t<div class=\"elementor-element elementor-element-13b3c900 e-flex e-con-boxed e-con e-parent\" data-id=\"13b3c900\" data-element_type=\"container\">\n\t\t\t\t\t<div class=\"e-con-inner\">\n\t\t<div class=\"elementor-element elementor-element-0fcade4 e-con-full e-flex e-con e-child\" data-id=\"0fcade4\" data-element_type=\"container\">\n\t\t<div class=\"elementor-element elementor-element-96059a0 e-con-full e-flex e-con e-child\" data-id=\"96059a0\" data-element_type=\"container\">\n\t\t\t\t<div class=\"elementor-element elementor-element-86bfeaa elementor-widget elementor-widget-text-editor\" data-id=\"86bfeaa\" data-element_type=\"widget\" data-widget_type=\"text-editor.default\">\n\t\t\t\t\t\t\t\t\t<h1 data-start=\"308\" data-end=\"334\">Pol\u00edtica de Privacidad<\/h1><p data-start=\"336\" data-end=\"653\">En cumplimiento de lo establecido en el Reglamento (UE) 2016\/679 (Reglamento General de Protecci\u00f3n de Datos, RGPD) y en la Ley Org\u00e1nica 3\/2018, de Protecci\u00f3n de Datos Personales y garant\u00eda de los derechos digitales (LOPDGDD), informamos a los usuarios de este sitio web sobre el tratamiento de sus datos personales.<\/p><h2 data-start=\"655\" data-end=\"690\">1. Responsable del tratamiento<\/h2><p data-start=\"691\" data-end=\"875\"><strong data-start=\"691\" data-end=\"707\">Responsable:<\/strong> Franco Noveri<br data-start=\"740\" data-end=\"743\" \/><strong data-start=\"743\" data-end=\"755\">NIF\/CIF:<\/strong> Z0703262L<br data-start=\"764\" data-end=\"767\" \/><strong data-start=\"767\" data-end=\"781\">Direcci\u00f3n:<\/strong> Carrer de la Misio 22, Palma de Mallorca, Islas Baleares<br data-start=\"802\" data-end=\"805\" \/><strong data-start=\"805\" data-end=\"840\">Correo electr\u00f3nico de contacto:<\/strong> franco9ri@gmail.com<\/p><h2 data-start=\"877\" data-end=\"910\">2. Finalidad del tratamiento<\/h2><p data-start=\"911\" data-end=\"1107\">Los datos personales que se recaban a trav\u00e9s de los formularios de contacto, reservas online, suscripci\u00f3n a cursos o cualquier otro medio de recogida de datos en este sitio web se utilizan para:<\/p><ul data-start=\"1108\" data-end=\"1439\"><li data-start=\"1108\" data-end=\"1175\"><p data-start=\"1110\" data-end=\"1175\">Gestionar las solicitudes de informaci\u00f3n, reservas y consultas.<\/p><\/li><li data-start=\"1176\" data-end=\"1252\"><p data-start=\"1178\" data-end=\"1252\">Ofrecer los servicios contratados (masajes, terapias, cursos o eventos).<\/p><\/li><li data-start=\"1253\" data-end=\"1386\"><p data-start=\"1255\" data-end=\"1386\">Enviar comunicaciones informativas relacionadas con nuestras actividades, siempre que el usuario haya prestado su consentimiento.<\/p><\/li><li data-start=\"1387\" data-end=\"1439\"><p data-start=\"1389\" data-end=\"1439\">Cumplir con las obligaciones legales aplicables.<\/p><\/li><\/ul><h2 data-start=\"1441\" data-end=\"1461\">3. Legitimaci\u00f3n<\/h2><p data-start=\"1462\" data-end=\"1514\">La base legal para el tratamiento de los datos es:<\/p><ul data-start=\"1515\" data-end=\"1769\"><li data-start=\"1515\" data-end=\"1588\"><p data-start=\"1517\" data-end=\"1588\">El consentimiento del usuario al aceptar esta Pol\u00edtica de Privacidad.<\/p><\/li><li data-start=\"1589\" data-end=\"1724\"><p data-start=\"1591\" data-end=\"1724\">La ejecuci\u00f3n de un contrato o la aplicaci\u00f3n de medidas precontractuales (por ejemplo, reservas de sesiones o inscripci\u00f3n a cursos).<\/p><\/li><li data-start=\"1725\" data-end=\"1769\"><p data-start=\"1727\" data-end=\"1769\">El cumplimiento de obligaciones legales.<\/p><\/li><\/ul><h2 data-start=\"1771\" data-end=\"1804\">4. Conservaci\u00f3n de los datos<\/h2><p data-start=\"1805\" data-end=\"2071\">Los datos se conservar\u00e1n \u00fanicamente durante el tiempo necesario para cumplir con la finalidad para la que fueron recogidos y mientras pueda derivarse alguna responsabilidad legal. Posteriormente, se mantendr\u00e1n bloqueados durante los plazos legalmente establecidos.<\/p><h2 data-start=\"2073\" data-end=\"2094\">5. Destinatarios<\/h2><p data-start=\"2095\" data-end=\"2283\">No se ceder\u00e1n datos a terceros, salvo obligaci\u00f3n legal o cuando sea necesario para la prestaci\u00f3n del servicio (por ejemplo, servicios de gesti\u00f3n de pagos online o plataformas de cursos).<\/p><h2 data-start=\"2285\" data-end=\"2317\">6. Derechos de los usuarios<\/h2><p data-start=\"2318\" data-end=\"2390\">El usuario puede ejercer en cualquier momento los siguientes derechos:<\/p><ul data-start=\"2391\" data-end=\"2749\"><li data-start=\"2391\" data-end=\"2436\"><p data-start=\"2393\" data-end=\"2436\">Derecho a acceder a sus datos personales.<\/p><\/li><li data-start=\"2437\" data-end=\"2496\"><p data-start=\"2439\" data-end=\"2496\">Derecho a rectificar los datos inexactos o incompletos.<\/p><\/li><li data-start=\"2497\" data-end=\"2576\"><p data-start=\"2499\" data-end=\"2576\">Derecho a solicitar la supresi\u00f3n de los datos cuando ya no sean necesarios.<\/p><\/li><li data-start=\"2577\" data-end=\"2655\"><p data-start=\"2579\" data-end=\"2655\">Derecho a solicitar la limitaci\u00f3n u oposici\u00f3n al tratamiento de sus datos.<\/p><\/li><li data-start=\"2656\" data-end=\"2699\"><p data-start=\"2658\" data-end=\"2699\">Derecho a la portabilidad de sus datos.<\/p><\/li><li data-start=\"2700\" data-end=\"2749\"><p data-start=\"2702\" data-end=\"2749\">Derecho a retirar el consentimiento otorgado.<\/p><\/li><\/ul><p data-start=\"2751\" data-end=\"2927\">Para ejercer estos derechos, el usuario puede enviar una solicitud a trav\u00e9s del correo electr\u00f3nico: <strong data-start=\"2851\" data-end=\"2877\">[tu email de contacto]<\/strong>, adjuntando copia de su documento de identidad.<\/p><h2 data-start=\"2929\" data-end=\"2959\">7. Seguridad de los datos<\/h2><p data-start=\"2960\" data-end=\"3141\">Adoptamos las medidas t\u00e9cnicas y organizativas necesarias para garantizar la seguridad de los datos personales y evitar su alteraci\u00f3n, p\u00e9rdida, tratamiento o acceso no autorizado.<\/p><h2 data-start=\"3143\" data-end=\"3169\">8. Enlaces a terceros<\/h2><p data-start=\"3170\" data-end=\"3422\">Este sitio web puede incluir enlaces a redes sociales u otros sitios web de terceros. No nos hacemos responsables de las pol\u00edticas de privacidad que apliquen dichos sitios, por lo que recomendamos revisar sus avisos legales y pol\u00edticas de privacidad.<\/p><h2 data-start=\"3424\" data-end=\"3446\">9. Modificaciones<\/h2><p data-start=\"3447\" data-end=\"3594\">Nos reservamos el derecho a modificar la presente Pol\u00edtica de Privacidad para adaptarla a novedades legislativas o cambios en nuestros servicios.<\/p>\t\t\t\t\t\t\t\t<\/div>\n\t\t\t\t<\/div>\n\t\t\t\t<\/div>\n\t\t\t\t\t<\/div>\n\t\t\t\t<\/div>\n\t\t\t\t<\/div>","protected":false},"excerpt":{"rendered":"<p>Pol\u00edtica de Privacidad En cumplimiento de lo establecido en el Reglamento (UE) 2016\/679 (Reglamento General de Protecci\u00f3n de Datos, RGPD) y en la Ley Org\u00e1nica 3\/2018, de Protecci\u00f3n de Datos Personales y garant\u00eda de los derechos digitales (LOPDGDD), informamos a los usuarios de este sitio web sobre el tratamiento de sus datos personales. 1. Responsable [&hellip;]<\/p>","protected":false},"author":1,"featured_media":0,"parent":0,"menu_order":0,"comment_status":"closed","ping_status":"closed","template":"","meta":{"footnotes":""},"class_list":["post-3","page","type-page","status-publish","hentry"],"_links":{"self":[{"href":"https:\/\/noverifranco.com\/en\/wp-json\/wp\/v2\/pages\/3","targetHints":{"allow":["GET"]}}],"collection":[{"href":"https:\/\/noverifranco.com\/en\/wp-json\/wp\/v2\/pages"}],"about":[{"href":"https:\/\/noverifranco.com\/en\/wp-json\/wp\/v2\/types\/page"}],"author":[{"embeddable":true,"href":"https:\/\/noverifranco.com\/en\/wp-json\/wp\/v2\/users\/1"}],"replies":[{"embeddable":true,"href":"https:\/\/noverifranco.com\/en\/wp-json\/wp\/v2\/comments?post=3"}],"version-history":[{"count":10,"href":"https:\/\/noverifranco.com\/en\/wp-json\/wp\/v2\/pages\/3\/revisions"}],"predecessor-version":[{"id":131,"href":"https:\/\/noverifranco.com\/en\/wp-json\/wp\/v2\/pages\/3\/revisions\/131"}],"wp:attachment":[{"href":"https:\/\/noverifranco.com\/en\/wp-json\/wp\/v2\/media?parent=3"}],"curies":[{"name":"wp","href":"https:\/\/api.w.org\/{rel}","templated":true}]}}